{"id":7472,"date":"2022-09-29T11:49:08","date_gmt":"2022-09-29T11:49:08","guid":{"rendered":"https:\/\/genius.sn\/index.php\/homepage-inspiro\/"},"modified":"2025-04-09T00:43:48","modified_gmt":"2025-04-09T00:43:48","slug":"homepage-inspiro","status":"publish","type":"page","link":"https:\/\/genius.sn\/","title":{"rendered":"Homepage"},"content":{"rendered":"\n<div class=\"wp-block-cover alignfull is-light\" style=\"min-height:100vh;aspect-ratio:unset;\"><span aria-hidden=\"true\" class=\"wp-block-cover__background has-background-dim-20 has-background-dim\" style=\"background-color:#FFF\"><\/span><video class=\"wp-block-cover__video-background intrinsic-ignore\" autoplay muted loop playsinline src=\"https:\/\/genius.sn\/wp-content\/uploads\/2025\/01\/AC-GENIUS-3.mp4\" data-object-fit=\"cover\"><\/video><div class=\"wp-block-cover__inner-container is-layout-flow wp-block-cover-is-layout-flow\">\n<h2 class=\"wp-block-heading has-text-align-center has-white-color has-text-color has-link-color has-x-large-font-size wp-elements-4d0fa71f2bdb3055bf9d1eabb1b69936\"><strong>LE MEILLEUR DE LA SECURITE<\/strong><\/h2>\n\n\n\n<p class=\"has-text-align-center has-white-color has-text-color has-medium-font-size\" style=\"letter-spacing:1px\">Chers visiteurs,<\/p>\n\n\n\n<p class=\"has-text-align-center has-white-color has-text-color has-medium-font-size\" style=\"letter-spacing:1px\">Je suis ravi de vous accueillir sur le site internet de GENIUS S\u00e9curit\u00e9.<\/p>\n\n\n\n<div style=\"height:42px\" aria-hidden=\"true\" class=\"wp-block-spacer\"><\/div>\n\n\n\n<div class=\"wp-block-buttons is-content-justification-center is-layout-flex wp-container-core-buttons-is-layout-a89b3969 wp-block-buttons-is-layout-flex\">\n<div class=\"wp-block-button is-style-outline is-style-outline--1\"><a class=\"wp-block-button__link has-white-color has-text-color wp-element-button\" href=\"https:\/\/genius.sn\/index.php\/about\/\" style=\"border-radius:0px\"><strong>B<\/strong>IENVENUE<\/a><\/div>\n<\/div>\n<\/div><\/div>\n\n\n<div class=\"wpzoom-blocks wpzoom-blocks_portfolio-block wpzoom-portfolio-block-69d8a31dc334b use-lightbox alignfull layout-grid columns-3 post_type-portfolio_item ajax-load-items wp-block-wpzoom-blocks-portfolio\" data-offset=\"6\" data-load-more='{\"categories\":[],\"class\":\"wpzoom-blocks_portfolio-block\",\"layout\":\"grid\",\"lightbox\":true,\"lightbox_caption\":false,\"order\":\"desc\",\"order_by\":\"menu_order date\",\"per_page\":6,\"read_more_label\":\"Read More\",\"show_author\":true,\"show_background_video\":true,\"show_date\":true,\"show_excerpt\":true,\"show_read_more\":true,\"show_thumbnail\":true,\"show_title\":false,\"source\":\"portfolio_item\",\"thumbnail_size\":\"portfolio_item-thumbnail\",\"total\":6}'><ul class=\"wpzoom-blocks wpzoom-blocks_portfolio-block_items-list\"><li class='wpzoom-blocks_portfolio-block_item wpzoom-blocks_portfolio-block_item-5770 wpzoom-blocks_portfolio-block_category-51 has-cover'  data-category='51'><article class='wpzoom-blocks_portfolio-block_item-wrap portfolio_item'><div class='wpzoom-blocks_portfolio-block_item-thumbnail'>\n\t\t\t\t\t\t<div class='wpzoom-blocks_portfolio-block_item-media'>\n\t\t\t\t\t\t\t<a href='https:\/\/genius.sn\/index.php\/project\/gwoon\/' title='GENIUS' rel='bookmark'><img loading=\"lazy\" decoding=\"async\" width=\"600\" height=\"400\" src=\"https:\/\/genius.sn\/wp-content\/uploads\/2018\/01\/A1J-600x400.jpg\" class=\"attachment-portfolio_item-thumbnail size-portfolio_item-thumbnail wp-post-image\" alt=\"\" srcset=\"https:\/\/genius.sn\/wp-content\/uploads\/2018\/01\/A1J-600x400.jpg 600w, https:\/\/genius.sn\/wp-content\/uploads\/2018\/01\/A1J-1200x800.jpg 1200w\" sizes=\"auto, (max-width: 600px) 100vw, 600px\" \/><\/a>\n\t\t\t\t\t\t<\/div><div class=\"portfolio-block-entry-thumbnail-popover-content\" data-show-caption=\"\"><a class=\"mfp-image portfolio-block-popup-video popup_image_icon\" href=\"https:\/\/genius.sn\/wp-content\/uploads\/2018\/01\/A1J.jpg\" aria-label=\"GENIUS\"><span class='wpzoom-blocks_portfolio-block_lightbox_icon'>\n\t\t\t\t\t\t\t\t\t\t<svg enable-background='new 0 0 32 32' id='Layer_4' version='1.1' viewBox='0 0 32 32' xml:space='preserve' xmlns='http:\/\/www.w3.org\/2000\/svg' xmlns:xlink='http:\/\/www.w3.org\/1999\/xlink'>\n\t\t\t\t\t\t\t\t\t\t\t<g>\n\t\t\t\t\t\t\t\t\t\t\t\t<rect fill='none' height='30' stroke='#fff' stroke-linejoin='round' stroke-miterlimit='10' stroke-width='2' transform='matrix(6.123234e-17 -1 1 6.123234e-17 0 32)' width='30' x='1' y='1'\/>\n\t\t\t\t\t\t\t\t\t\t\t\t\t<line fill='none' stroke='#fff' stroke-linejoin='round' stroke-miterlimit='10' stroke-width='2' x1='27' x2='5' y1='5' y2='27'\/><polyline fill='none' points='16,27 5,27 5,16' stroke='#fff' stroke-linejoin='round' stroke-miterlimit='10' stroke-width='2'\/>\n\t\t\t\t\t\t\t\t\t\t\t\t\t<polyline fill='none' points='16,5 27,5 27,16' stroke='#fff' stroke-linejoin='round' stroke-miterlimit='10' stroke-width='2'\/>\n\t\t\t\t\t\t\t\t\t\t\t<\/g>\n\t\t\t\t\t\t\t\t\t\t<\/svg>\n\t\t\t\t\t\t\t\t\t<\/span><\/a><span class=\"portfolio_item-title\" style=\"display: none;\"><a href=\"https:\/\/genius.sn\/index.php\/project\/gwoon\/\" title=\"GENIUS\">GENIUS<\/a><\/span><\/div><\/div><div class='wpzoom-blocks_portfolio-block_item-details'><h3 class='wpzoom-blocks_portfolio-block_item-title'><a href='https:\/\/genius.sn\/index.php\/project\/gwoon\/' title='GENIUS' rel='bookmark'>GENIUS<\/a><\/h3><\/div><\/article><\/li><li class='wpzoom-blocks_portfolio-block_item wpzoom-blocks_portfolio-block_item-5746 wpzoom-blocks_portfolio-block_category-55 has-cover'  data-category='55'><article class='wpzoom-blocks_portfolio-block_item-wrap portfolio_item'><div class='wpzoom-blocks_portfolio-block_item-thumbnail'>\n\t\t\t\t\t\t<div class='wpzoom-blocks_portfolio-block_item-media'>\n\t\t\t\t\t\t\t<a href='https:\/\/genius.sn\/index.php\/project\/christchurch-kia-kaha-new-zealand\/' title='Nos agents' rel='bookmark'><img loading=\"lazy\" decoding=\"async\" width=\"600\" height=\"400\" src=\"https:\/\/genius.sn\/wp-content\/uploads\/2017\/09\/AS2-600x400.jpg\" class=\"attachment-portfolio_item-thumbnail size-portfolio_item-thumbnail wp-post-image\" alt=\"\" srcset=\"https:\/\/genius.sn\/wp-content\/uploads\/2017\/09\/AS2-600x400.jpg 600w, https:\/\/genius.sn\/wp-content\/uploads\/2017\/09\/AS2-1200x800.jpg 1200w\" sizes=\"auto, (max-width: 600px) 100vw, 600px\" \/><\/a>\n\t\t\t\t\t\t<\/div><div class=\"portfolio-block-entry-thumbnail-popover-content\" data-show-caption=\"\"><a class=\"mfp-image portfolio-block-popup-video popup_image_icon\" href=\"https:\/\/genius.sn\/wp-content\/uploads\/2017\/09\/AS2.jpg\" aria-label=\"Nos agents\"><span class='wpzoom-blocks_portfolio-block_lightbox_icon'>\n\t\t\t\t\t\t\t\t\t\t<svg enable-background='new 0 0 32 32' id='Layer_4' version='1.1' viewBox='0 0 32 32' xml:space='preserve' xmlns='http:\/\/www.w3.org\/2000\/svg' xmlns:xlink='http:\/\/www.w3.org\/1999\/xlink'>\n\t\t\t\t\t\t\t\t\t\t\t<g>\n\t\t\t\t\t\t\t\t\t\t\t\t<rect fill='none' height='30' stroke='#fff' stroke-linejoin='round' stroke-miterlimit='10' stroke-width='2' transform='matrix(6.123234e-17 -1 1 6.123234e-17 0 32)' width='30' x='1' y='1'\/>\n\t\t\t\t\t\t\t\t\t\t\t\t\t<line fill='none' stroke='#fff' stroke-linejoin='round' stroke-miterlimit='10' stroke-width='2' x1='27' x2='5' y1='5' y2='27'\/><polyline fill='none' points='16,27 5,27 5,16' stroke='#fff' stroke-linejoin='round' stroke-miterlimit='10' stroke-width='2'\/>\n\t\t\t\t\t\t\t\t\t\t\t\t\t<polyline fill='none' points='16,5 27,5 27,16' stroke='#fff' stroke-linejoin='round' stroke-miterlimit='10' stroke-width='2'\/>\n\t\t\t\t\t\t\t\t\t\t\t<\/g>\n\t\t\t\t\t\t\t\t\t\t<\/svg>\n\t\t\t\t\t\t\t\t\t<\/span><\/a><span class=\"portfolio_item-title\" style=\"display: none;\"><a href=\"https:\/\/genius.sn\/index.php\/project\/christchurch-kia-kaha-new-zealand\/\" title=\"Nos agents\">Nos agents<\/a><\/span><\/div><\/div><div class='wpzoom-blocks_portfolio-block_item-details'><h3 class='wpzoom-blocks_portfolio-block_item-title'><a href='https:\/\/genius.sn\/index.php\/project\/christchurch-kia-kaha-new-zealand\/' title='Nos agents' rel='bookmark'>Nos agents<\/a><\/h3><\/div><\/article><\/li><li class='wpzoom-blocks_portfolio-block_item wpzoom-blocks_portfolio-block_item-5711 wpzoom-blocks_portfolio-block_category-55 has-cover'  data-category='55'><article class='wpzoom-blocks_portfolio-block_item-wrap portfolio_item'><div class='wpzoom-blocks_portfolio-block_item-thumbnail'>\n\t\t\t\t\t\t<div class='wpzoom-blocks_portfolio-block_item-media'>\n\t\t\t\t\t\t\t<a href='https:\/\/genius.sn\/index.php\/project\/ivory-fly-style\/' title='Nos engagements' rel='bookmark'><img loading=\"lazy\" decoding=\"async\" width=\"600\" height=\"400\" src=\"https:\/\/genius.sn\/wp-content\/uploads\/2017\/09\/ASEZ4-600x400.jpg\" class=\"attachment-portfolio_item-thumbnail size-portfolio_item-thumbnail wp-post-image\" alt=\"\" srcset=\"https:\/\/genius.sn\/wp-content\/uploads\/2017\/09\/ASEZ4-600x400.jpg 600w, https:\/\/genius.sn\/wp-content\/uploads\/2017\/09\/ASEZ4-1200x800.jpg 1200w\" sizes=\"auto, (max-width: 600px) 100vw, 600px\" \/><\/a>\n\t\t\t\t\t\t<\/div><div class=\"portfolio-block-entry-thumbnail-popover-content\" data-show-caption=\"\"><a class=\"mfp-image portfolio-block-popup-video popup_image_icon\" href=\"https:\/\/genius.sn\/wp-content\/uploads\/2017\/09\/ASEZ4.jpg\" aria-label=\"Nos engagements\"><span class='wpzoom-blocks_portfolio-block_lightbox_icon'>\n\t\t\t\t\t\t\t\t\t\t<svg enable-background='new 0 0 32 32' id='Layer_4' version='1.1' viewBox='0 0 32 32' xml:space='preserve' xmlns='http:\/\/www.w3.org\/2000\/svg' xmlns:xlink='http:\/\/www.w3.org\/1999\/xlink'>\n\t\t\t\t\t\t\t\t\t\t\t<g>\n\t\t\t\t\t\t\t\t\t\t\t\t<rect fill='none' height='30' stroke='#fff' stroke-linejoin='round' stroke-miterlimit='10' stroke-width='2' transform='matrix(6.123234e-17 -1 1 6.123234e-17 0 32)' width='30' x='1' y='1'\/>\n\t\t\t\t\t\t\t\t\t\t\t\t\t<line fill='none' stroke='#fff' stroke-linejoin='round' stroke-miterlimit='10' stroke-width='2' x1='27' x2='5' y1='5' y2='27'\/><polyline fill='none' points='16,27 5,27 5,16' stroke='#fff' stroke-linejoin='round' stroke-miterlimit='10' stroke-width='2'\/>\n\t\t\t\t\t\t\t\t\t\t\t\t\t<polyline fill='none' points='16,5 27,5 27,16' stroke='#fff' stroke-linejoin='round' stroke-miterlimit='10' stroke-width='2'\/>\n\t\t\t\t\t\t\t\t\t\t\t<\/g>\n\t\t\t\t\t\t\t\t\t\t<\/svg>\n\t\t\t\t\t\t\t\t\t<\/span><\/a><span class=\"portfolio_item-title\" style=\"display: none;\"><a href=\"https:\/\/genius.sn\/index.php\/project\/ivory-fly-style\/\" title=\"Nos engagements\">Nos engagements<\/a><\/span><\/div><\/div><div class='wpzoom-blocks_portfolio-block_item-details'><h3 class='wpzoom-blocks_portfolio-block_item-title'><a href='https:\/\/genius.sn\/index.php\/project\/ivory-fly-style\/' title='Nos engagements' rel='bookmark'>Nos engagements<\/a><\/h3><\/div><\/article><\/li><li class='wpzoom-blocks_portfolio-block_item wpzoom-blocks_portfolio-block_item-5709 wpzoom-blocks_portfolio-block_category-51 has-cover'  data-category='51'><article class='wpzoom-blocks_portfolio-block_item-wrap portfolio_item'><div class='wpzoom-blocks_portfolio-block_item-thumbnail'>\n\t\t\t\t\t\t<div class='wpzoom-blocks_portfolio-block_item-media'>\n\t\t\t\t\t\t\t<a href='https:\/\/genius.sn\/index.php\/project\/porsche-macan\/' title='Nos Equipes' rel='bookmark'><img loading=\"lazy\" decoding=\"async\" width=\"600\" height=\"400\" src=\"https:\/\/genius.sn\/wp-content\/uploads\/2017\/09\/DESj-600x400.jpg\" class=\"attachment-portfolio_item-thumbnail size-portfolio_item-thumbnail wp-post-image\" alt=\"\" srcset=\"https:\/\/genius.sn\/wp-content\/uploads\/2017\/09\/DESj-600x400.jpg 600w, https:\/\/genius.sn\/wp-content\/uploads\/2017\/09\/DESj-1200x800.jpg 1200w\" sizes=\"auto, (max-width: 600px) 100vw, 600px\" \/><\/a>\n\t\t\t\t\t\t<\/div><div class=\"portfolio-block-entry-thumbnail-popover-content\" data-show-caption=\"\"><a class=\"mfp-image portfolio-block-popup-video popup_image_icon\" href=\"https:\/\/genius.sn\/wp-content\/uploads\/2017\/09\/DESj.jpg\" aria-label=\"Nos Equipes\"><span class='wpzoom-blocks_portfolio-block_lightbox_icon'>\n\t\t\t\t\t\t\t\t\t\t<svg enable-background='new 0 0 32 32' id='Layer_4' version='1.1' viewBox='0 0 32 32' xml:space='preserve' xmlns='http:\/\/www.w3.org\/2000\/svg' xmlns:xlink='http:\/\/www.w3.org\/1999\/xlink'>\n\t\t\t\t\t\t\t\t\t\t\t<g>\n\t\t\t\t\t\t\t\t\t\t\t\t<rect fill='none' height='30' stroke='#fff' stroke-linejoin='round' stroke-miterlimit='10' stroke-width='2' transform='matrix(6.123234e-17 -1 1 6.123234e-17 0 32)' width='30' x='1' y='1'\/>\n\t\t\t\t\t\t\t\t\t\t\t\t\t<line fill='none' stroke='#fff' stroke-linejoin='round' stroke-miterlimit='10' stroke-width='2' x1='27' x2='5' y1='5' y2='27'\/><polyline fill='none' points='16,27 5,27 5,16' stroke='#fff' stroke-linejoin='round' stroke-miterlimit='10' stroke-width='2'\/>\n\t\t\t\t\t\t\t\t\t\t\t\t\t<polyline fill='none' points='16,5 27,5 27,16' stroke='#fff' stroke-linejoin='round' stroke-miterlimit='10' stroke-width='2'\/>\n\t\t\t\t\t\t\t\t\t\t\t<\/g>\n\t\t\t\t\t\t\t\t\t\t<\/svg>\n\t\t\t\t\t\t\t\t\t<\/span><\/a><span class=\"portfolio_item-title\" style=\"display: none;\"><a href=\"https:\/\/genius.sn\/index.php\/project\/porsche-macan\/\" title=\"Nos Equipes\">Nos Equipes<\/a><\/span><\/div><\/div><div class='wpzoom-blocks_portfolio-block_item-details'><h3 class='wpzoom-blocks_portfolio-block_item-title'><a href='https:\/\/genius.sn\/index.php\/project\/porsche-macan\/' title='Nos Equipes' rel='bookmark'>Nos Equipes<\/a><\/h3><\/div><\/article><\/li><li class='wpzoom-blocks_portfolio-block_item wpzoom-blocks_portfolio-block_item-5705 wpzoom-blocks_portfolio-block_category-51 has-cover'  data-category='51'><article class='wpzoom-blocks_portfolio-block_item-wrap portfolio_item'><div class='wpzoom-blocks_portfolio-block_item-thumbnail'>\n\t\t\t\t\t\t<div class='wpzoom-blocks_portfolio-block_item-media'>\n\t\t\t\t\t\t\t<a href='https:\/\/genius.sn\/index.php\/project\/finlandia\/' title='NOS PRESTATIONS' rel='bookmark'><img loading=\"lazy\" decoding=\"async\" width=\"600\" height=\"400\" src=\"https:\/\/genius.sn\/wp-content\/uploads\/2017\/09\/HGJ7-600x400.jpg\" class=\"attachment-portfolio_item-thumbnail size-portfolio_item-thumbnail wp-post-image\" alt=\"\" srcset=\"https:\/\/genius.sn\/wp-content\/uploads\/2017\/09\/HGJ7-600x400.jpg 600w, https:\/\/genius.sn\/wp-content\/uploads\/2017\/09\/HGJ7-1200x800.jpg 1200w\" sizes=\"auto, (max-width: 600px) 100vw, 600px\" \/><\/a>\n\t\t\t\t\t\t<\/div><div class=\"portfolio-block-entry-thumbnail-popover-content\" data-show-caption=\"\"><a class=\"mfp-image portfolio-block-popup-video popup_image_icon\" href=\"https:\/\/genius.sn\/wp-content\/uploads\/2017\/09\/HGJ7.jpg\" aria-label=\"NOS PRESTATIONS\"><span class='wpzoom-blocks_portfolio-block_lightbox_icon'>\n\t\t\t\t\t\t\t\t\t\t<svg enable-background='new 0 0 32 32' id='Layer_4' version='1.1' viewBox='0 0 32 32' xml:space='preserve' xmlns='http:\/\/www.w3.org\/2000\/svg' xmlns:xlink='http:\/\/www.w3.org\/1999\/xlink'>\n\t\t\t\t\t\t\t\t\t\t\t<g>\n\t\t\t\t\t\t\t\t\t\t\t\t<rect fill='none' height='30' stroke='#fff' stroke-linejoin='round' stroke-miterlimit='10' stroke-width='2' transform='matrix(6.123234e-17 -1 1 6.123234e-17 0 32)' width='30' x='1' y='1'\/>\n\t\t\t\t\t\t\t\t\t\t\t\t\t<line fill='none' stroke='#fff' stroke-linejoin='round' stroke-miterlimit='10' stroke-width='2' x1='27' x2='5' y1='5' y2='27'\/><polyline fill='none' points='16,27 5,27 5,16' stroke='#fff' stroke-linejoin='round' stroke-miterlimit='10' stroke-width='2'\/>\n\t\t\t\t\t\t\t\t\t\t\t\t\t<polyline fill='none' points='16,5 27,5 27,16' stroke='#fff' stroke-linejoin='round' stroke-miterlimit='10' stroke-width='2'\/>\n\t\t\t\t\t\t\t\t\t\t\t<\/g>\n\t\t\t\t\t\t\t\t\t\t<\/svg>\n\t\t\t\t\t\t\t\t\t<\/span><\/a><span class=\"portfolio_item-title\" style=\"display: none;\"><a href=\"https:\/\/genius.sn\/index.php\/project\/finlandia\/\" title=\"NOS PRESTATIONS\">NOS PRESTATIONS<\/a><\/span><\/div><\/div><div class='wpzoom-blocks_portfolio-block_item-details'><h3 class='wpzoom-blocks_portfolio-block_item-title'><a href='https:\/\/genius.sn\/index.php\/project\/finlandia\/' title='NOS PRESTATIONS' rel='bookmark'>NOS PRESTATIONS<\/a><\/h3><\/div><\/article><\/li><li class='wpzoom-blocks_portfolio-block_item wpzoom-blocks_portfolio-block_item-5703 wpzoom-blocks_portfolio-block_category-55 has-cover'  data-category='55'><article class='wpzoom-blocks_portfolio-block_item-wrap portfolio_item'><div class='wpzoom-blocks_portfolio-block_item-thumbnail'>\n\t\t\t\t\t\t<div class='wpzoom-blocks_portfolio-block_item-media'>\n\t\t\t\t\t\t\t<a href='https:\/\/genius.sn\/index.php\/project\/tendance-roadster\/' title='ils nous ont fait confiance' rel='bookmark'><img loading=\"lazy\" decoding=\"async\" width=\"600\" height=\"400\" src=\"https:\/\/genius.sn\/wp-content\/uploads\/2017\/09\/G98-600x400.jpeg\" class=\"attachment-portfolio_item-thumbnail size-portfolio_item-thumbnail wp-post-image\" alt=\"\" srcset=\"https:\/\/genius.sn\/wp-content\/uploads\/2017\/09\/G98-600x400.jpeg 600w, https:\/\/genius.sn\/wp-content\/uploads\/2017\/09\/G98-1200x800.jpeg 1200w\" sizes=\"auto, (max-width: 600px) 100vw, 600px\" \/><\/a>\n\t\t\t\t\t\t<\/div><div class=\"portfolio-block-entry-thumbnail-popover-content\" data-show-caption=\"\"><a class=\"mfp-image portfolio-block-popup-video popup_image_icon\" href=\"https:\/\/genius.sn\/wp-content\/uploads\/2017\/09\/G98-scaled.jpeg\" aria-label=\"ils nous ont fait confiance\"><span class='wpzoom-blocks_portfolio-block_lightbox_icon'>\n\t\t\t\t\t\t\t\t\t\t<svg enable-background='new 0 0 32 32' id='Layer_4' version='1.1' viewBox='0 0 32 32' xml:space='preserve' xmlns='http:\/\/www.w3.org\/2000\/svg' xmlns:xlink='http:\/\/www.w3.org\/1999\/xlink'>\n\t\t\t\t\t\t\t\t\t\t\t<g>\n\t\t\t\t\t\t\t\t\t\t\t\t<rect fill='none' height='30' stroke='#fff' stroke-linejoin='round' stroke-miterlimit='10' stroke-width='2' transform='matrix(6.123234e-17 -1 1 6.123234e-17 0 32)' width='30' x='1' y='1'\/>\n\t\t\t\t\t\t\t\t\t\t\t\t\t<line fill='none' stroke='#fff' stroke-linejoin='round' stroke-miterlimit='10' stroke-width='2' x1='27' x2='5' y1='5' y2='27'\/><polyline fill='none' points='16,27 5,27 5,16' stroke='#fff' stroke-linejoin='round' stroke-miterlimit='10' stroke-width='2'\/>\n\t\t\t\t\t\t\t\t\t\t\t\t\t<polyline fill='none' points='16,5 27,5 27,16' stroke='#fff' stroke-linejoin='round' stroke-miterlimit='10' stroke-width='2'\/>\n\t\t\t\t\t\t\t\t\t\t\t<\/g>\n\t\t\t\t\t\t\t\t\t\t<\/svg>\n\t\t\t\t\t\t\t\t\t<\/span><\/a><span class=\"portfolio_item-title\" style=\"display: none;\"><a href=\"https:\/\/genius.sn\/index.php\/project\/tendance-roadster\/\" title=\"ils nous ont fait confiance\">ils nous ont fait confiance<\/a><\/span><\/div><\/div><div class='wpzoom-blocks_portfolio-block_item-details'><h3 class='wpzoom-blocks_portfolio-block_item-title'><a href='https:\/\/genius.sn\/index.php\/project\/tendance-roadster\/' title='ils nous ont fait confiance' rel='bookmark'>ils nous ont fait confiance<\/a><\/h3><\/div><\/article><\/li><li class=\"wpzoom-preloader-container\"><div class=\"wpzoom-portfolio-preloader\"><svg  width=\"75\" version=\"1.1\" id=\"L4\" xmlns=\"http:\/\/www.w3.org\/2000\/svg\" xmlns:xlink=\"http:\/\/www.w3.org\/1999\/xlink\" x=\"0px\" y=\"0px\" viewBox=\"0 0 100 100\" enable-background=\"new 0 0 0 0\" xml:space=\"preserve\">\n\t\t  <circle fill=\"#000\" stroke=\"none\" cx=\"6\" cy=\"50\" r=\"6\"><animate attributeName=\"opacity\" dur=\"1s\" values=\"0;1;0\" repeatCount=\"indefinite\" begin=\"0.1\"\/><\/circle>\n\t\t  <circle fill=\"#000\" stroke=\"none\" cx=\"26\" cy=\"50\" r=\"6\"><animate attributeName=\"opacity\" dur=\"1s\" values=\"0;1;0\" repeatCount=\"indefinite\" begin=\"0.2\"\/><\/circle>\n\t\t  <circle fill=\"#000\" stroke=\"none\" cx=\"46\" cy=\"50\" r=\"6\"><animate attributeName=\"opacity\" dur=\"1s\" values=\"0;1;0\" repeatCount=\"indefinite\" begin=\"0.3\"\/><\/circle>\n\t\t<\/svg><\/div><\/li><\/ul><\/div><!--.wpzoom-blocks wpzoom-blocks_portfolio-block--><style>.wpzoom-blocks_portfolio-block.wpzoom-portfolio-block-69d8a31dc334b {}.wpzoom-blocks_portfolio-block.wpzoom-portfolio-block-69d8a31dc334b { color:#000}.wpzoom-blocks_portfolio-block.wpzoom-portfolio-block-69d8a31dc334b .wpzoom-blocks_portfolio-block_filter ul li a,\n\t\t\t.wpzoom-blocks_portfolio-block.wpzoom-portfolio-block-69d8a31dc334b.layout-list .wpzoom-blocks_portfolio-block_items-list .wpzoom-blocks_portfolio-block_item .wpzoom-blocks_portfolio-block_item-title a {\n\t\t\t\tcolor:#000;\n\t\t\t}.wpzoom-blocks_portfolio-block.wpzoom-portfolio-block-69d8a31dc334b .wpzoom-blocks_portfolio-block_filter ul li a:hover,\n\t\t\t\t.wpzoom-blocks_portfolio-block.wpzoom-portfolio-block-69d8a31dc334b .wpzoom-blocks_portfolio-block_filter ul li.current-cat a:hover,\n\t\t\t\t.wpzoom-blocks_portfolio-.wpzoom-portfolio-block-69d8a31dc334b.layout-list .wpzoom-blocks_portfolio-block_items-list .wpzoom-blocks_portfolio-block_item .wpzoom-blocks_portfolio-block_item-title a:hover {\n\t\t\t\t\tcolor:#0BB4AA;\n\t\t\t\t}.wpzoom-blocks_portfolio-block.wpzoom-portfolio-block-69d8a31dc334b .wpzoom-blocks_portfolio-block_filter ul li.current-cat a { color:#0BB4AA; }.wpzoom-blocks_portfolio-block.wpzoom-portfolio-block-69d8a31dc334b .wpzoom-blocks_portfolio-block_filter ul li a {font-weight: 400 !important;letter-spacing: 1px;}.wpzoom-blocks_portfolio-block.wpzoom-portfolio-block-69d8a31dc334b .wpzoom-blocks_portfolio-block_item-details .wpzoom-blocks_portfolio-block_item-title a {line-height: 1.2;font-weight: 500 !important;letter-spacing: 1px;}.wpzoom-blocks_portfolio-block.wpzoom-portfolio-block-69d8a31dc334b .wpz-portfolio-button__link {letter-spacing: 1px;border-style:solid;border-width:0px;}<\/style>\n\n\n<div id=\"team\" class=\"wp-block-group has-global-padding is-layout-constrained wp-block-group-is-layout-constrained\">\n<div class=\"wp-block-group is-layout-flow wp-block-group-is-layout-flow\">\n<div style=\"height:0px\" aria-hidden=\"true\" class=\"wp-block-spacer\"><\/div>\n\n\n\n<div class=\"wp-block-columns is-layout-flex wp-container-core-columns-is-layout-28f84493 wp-block-columns-is-layout-flex\">\n<div class=\"wp-block-column is-style-default is-layout-flow wp-block-column-is-layout-flow\" style=\"border-style:none;border-width:0px;padding-top:0;padding-right:0;padding-bottom:0;padding-left:0\">\n<figure class=\"wp-block-image size-full is-style-default\"><img loading=\"lazy\" decoding=\"async\" width=\"1382\" height=\"1607\" src=\"https:\/\/genius.sn\/wp-content\/uploads\/2025\/01\/GENIUS-BOUCLIER-copie.png\" alt=\"\" class=\"wp-image-7497\" srcset=\"https:\/\/genius.sn\/wp-content\/uploads\/2025\/01\/GENIUS-BOUCLIER-copie.png 1382w, https:\/\/genius.sn\/wp-content\/uploads\/2025\/01\/GENIUS-BOUCLIER-copie-258x300.png 258w, https:\/\/genius.sn\/wp-content\/uploads\/2025\/01\/GENIUS-BOUCLIER-copie-881x1024.png 881w, https:\/\/genius.sn\/wp-content\/uploads\/2025\/01\/GENIUS-BOUCLIER-copie-768x893.png 768w, https:\/\/genius.sn\/wp-content\/uploads\/2025\/01\/GENIUS-BOUCLIER-copie-1321x1536.png 1321w, https:\/\/genius.sn\/wp-content\/uploads\/2025\/01\/GENIUS-BOUCLIER-copie-1000x1163.png 1000w, https:\/\/genius.sn\/wp-content\/uploads\/2025\/01\/GENIUS-BOUCLIER-copie-482x560.png 482w, https:\/\/genius.sn\/wp-content\/uploads\/2025\/01\/GENIUS-BOUCLIER-copie-600x698.png 600w, https:\/\/genius.sn\/wp-content\/uploads\/2025\/01\/GENIUS-BOUCLIER-copie-1200x1395.png 1200w\" sizes=\"auto, (max-width: 1382px) 100vw, 1382px\" \/><\/figure>\n\n\n\n<h2 class=\"wp-block-heading\">Surveillance et Gardiennage<\/h2>\n\n\n\n<p><\/p>\n<\/div>\n\n\n\n<div class=\"wp-block-column is-style-default is-layout-flow wp-block-column-is-layout-flow\" style=\"border-style:none;border-width:0px;padding-top:0;padding-right:0;padding-bottom:0;padding-left:0\">\n<figure class=\"wp-block-image size-full\"><img loading=\"lazy\" decoding=\"async\" width=\"740\" height=\"940\" src=\"https:\/\/genius.sn\/wp-content\/uploads\/2025\/01\/GGG.jpg\" alt=\"\" class=\"wp-image-7514\" srcset=\"https:\/\/genius.sn\/wp-content\/uploads\/2025\/01\/GGG.jpg 740w, https:\/\/genius.sn\/wp-content\/uploads\/2025\/01\/GGG-236x300.jpg 236w, https:\/\/genius.sn\/wp-content\/uploads\/2025\/01\/GGG-441x560.jpg 441w, https:\/\/genius.sn\/wp-content\/uploads\/2025\/01\/GGG-600x762.jpg 600w\" sizes=\"auto, (max-width: 740px) 100vw, 740px\" \/><\/figure>\n\n\n\n<h2 class=\"wp-block-heading\">Syst\u00e8mes de S\u00e9curit\u00e9 \u00c9lectronique<\/h2>\n<\/div>\n\n\n\n<div class=\"wp-block-column is-style-default is-layout-flow wp-block-column-is-layout-flow\" style=\"border-style:none;border-width:0px;padding-top:0;padding-right:0;padding-bottom:0;padding-left:0\">\n<figure class=\"wp-block-image size-full\"><img loading=\"lazy\" decoding=\"async\" width=\"740\" height=\"940\" src=\"https:\/\/genius.sn\/wp-content\/uploads\/2025\/01\/G2-copie.jpg\" alt=\"\" class=\"wp-image-7507\" srcset=\"https:\/\/genius.sn\/wp-content\/uploads\/2025\/01\/G2-copie.jpg 740w, https:\/\/genius.sn\/wp-content\/uploads\/2025\/01\/G2-copie-236x300.jpg 236w, https:\/\/genius.sn\/wp-content\/uploads\/2025\/01\/G2-copie-441x560.jpg 441w, https:\/\/genius.sn\/wp-content\/uploads\/2025\/01\/G2-copie-600x762.jpg 600w\" sizes=\"auto, (max-width: 740px) 100vw, 740px\" \/><\/figure>\n\n\n\n<h2 class=\"wp-block-heading\">S\u00e9curit\u00e9 incendie<\/h2>\n<\/div>\n<\/div>\n<\/div>\n<\/div>\n\n\n\n<div class=\"wp-block-cover alignfull is-light\" style=\"min-height:549px;aspect-ratio:unset;\"><span aria-hidden=\"true\" class=\"wp-block-cover__background has-background-dim-60 has-background-dim wp-block-cover__gradient-background has-background-gradient\" style=\"background-color:#FFF;background:linear-gradient(180deg,rgba(255,255,255,0) 14%,rgb(0,0,0) 83%)\"><\/span><video class=\"wp-block-cover__video-background intrinsic-ignore\" autoplay muted loop playsinline src=\"https:\/\/genius.sn\/wp-content\/uploads\/2025\/01\/ACGE-2.mp4\" data-object-fit=\"cover\"><\/video><div class=\"wp-block-cover__inner-container is-layout-flow wp-block-cover-is-layout-flow\">\n<div class=\"wp-block-group has-global-padding is-layout-constrained wp-container-core-group-is-layout-4383d167 wp-block-group-is-layout-constrained\">\n<div style=\"height:63px\" aria-hidden=\"true\" class=\"wp-block-spacer\"><\/div>\n<\/div>\n<\/div><\/div>\n\n\n\n<p><\/p>\n","protected":false},"excerpt":{"rendered":"<p>Surveillance et Gardiennage Syst\u00e8mes de S\u00e9curit\u00e9 \u00c9lectronique S\u00e9curit\u00e9 incendie<\/p>\n","protected":false},"author":1,"featured_media":0,"parent":0,"menu_order":0,"comment_status":"closed","ping_status":"closed","template":"page-templates\/full-width-transparent.php","meta":{"footnotes":""},"class_list":["post-7472","page","type-page","status-publish","hentry"],"featured_media_urls":[],"_links":{"self":[{"href":"https:\/\/genius.sn\/index.php\/wp-json\/wp\/v2\/pages\/7472","targetHints":{"allow":["GET"]}}],"collection":[{"href":"https:\/\/genius.sn\/index.php\/wp-json\/wp\/v2\/pages"}],"about":[{"href":"https:\/\/genius.sn\/index.php\/wp-json\/wp\/v2\/types\/page"}],"author":[{"embeddable":true,"href":"https:\/\/genius.sn\/index.php\/wp-json\/wp\/v2\/users\/1"}],"replies":[{"embeddable":true,"href":"https:\/\/genius.sn\/index.php\/wp-json\/wp\/v2\/comments?post=7472"}],"version-history":[{"count":11,"href":"https:\/\/genius.sn\/index.php\/wp-json\/wp\/v2\/pages\/7472\/revisions"}],"predecessor-version":[{"id":7578,"href":"https:\/\/genius.sn\/index.php\/wp-json\/wp\/v2\/pages\/7472\/revisions\/7578"}],"wp:attachment":[{"href":"https:\/\/genius.sn\/index.php\/wp-json\/wp\/v2\/media?parent=7472"}],"curies":[{"name":"wp","href":"https:\/\/api.w.org\/{rel}","templated":true}]}}