{"id":7469,"date":"2022-09-29T11:48:46","date_gmt":"2022-09-29T11:48:46","guid":{"rendered":"https:\/\/genius.sn\/index.php\/about\/"},"modified":"2025-04-09T00:45:25","modified_gmt":"2025-04-09T00:45:25","slug":"about","status":"publish","type":"page","link":"https:\/\/genius.sn\/index.php\/about\/","title":{"rendered":"BIENVENUE"},"content":{"rendered":"\n<div class=\"wp-block-cover alignfull is-light\" style=\"border-radius:0px;padding-top:0px\"><span aria-hidden=\"true\" class=\"wp-block-cover__background has-black-background-color has-background-dim-40 has-background-dim\"><\/span><video class=\"wp-block-cover__video-background intrinsic-ignore\" autoplay muted loop playsinline src=\"https:\/\/genius.sn\/wp-content\/uploads\/2024\/12\/Genius.mp4\" data-object-fit=\"cover\"><\/video><div class=\"wp-block-cover__inner-container has-global-padding is-layout-constrained wp-container-core-cover-is-layout-cef0f24b wp-block-cover-is-layout-constrained\">\n<div class=\"wp-block-group is-style-default has-global-padding is-layout-constrained wp-container-core-group-is-layout-0d9cbf7c wp-block-group-is-layout-constrained\" style=\"margin-top:0px;margin-bottom:0px;padding-top:0px;padding-right:0px;padding-bottom:0px;padding-left:0px\">\n<div style=\"height:251px\" aria-hidden=\"true\" class=\"wp-block-spacer\"><\/div>\n\n\n\n<h1 class=\"wp-block-heading has-white-color has-text-color has-max-48-font-size\">BIENVENUE<\/h1>\n\n\n\n<div style=\"height:32px\" aria-hidden=\"true\" class=\"wp-block-spacer\"><\/div>\n<\/div>\n<\/div><\/div>\n\n\n\n<div class=\"wp-block-group alignfull is-style-default has-light-background-background-color has-background is-layout-flow wp-block-group-is-layout-flow\" style=\"padding-top:60px;padding-bottom:60px;padding-left:0\">\n<div class=\"wp-block-group has-global-padding is-layout-constrained wp-block-group-is-layout-constrained\">\n<div class=\"wp-block-columns is-layout-flex wp-container-core-columns-is-layout-d7d455e7 wp-block-columns-is-layout-flex\" style=\"padding-top:0;padding-right:0;padding-bottom:0;padding-left:0\">\n<div class=\"wp-block-column is-vertically-aligned-top is-layout-flow wp-block-column-is-layout-flow\" style=\"flex-basis:50%\">\n<figure class=\"wp-block-image alignright size-large\"><img loading=\"lazy\" decoding=\"async\" width=\"881\" height=\"1024\" src=\"https:\/\/genius.sn\/wp-content\/uploads\/2025\/01\/GENIUS-BOUCLIER-copie-881x1024.png\" alt=\"\" class=\"wp-image-7497\" srcset=\"https:\/\/genius.sn\/wp-content\/uploads\/2025\/01\/GENIUS-BOUCLIER-copie-881x1024.png 881w, https:\/\/genius.sn\/wp-content\/uploads\/2025\/01\/GENIUS-BOUCLIER-copie-258x300.png 258w, https:\/\/genius.sn\/wp-content\/uploads\/2025\/01\/GENIUS-BOUCLIER-copie-768x893.png 768w, https:\/\/genius.sn\/wp-content\/uploads\/2025\/01\/GENIUS-BOUCLIER-copie-1321x1536.png 1321w, https:\/\/genius.sn\/wp-content\/uploads\/2025\/01\/GENIUS-BOUCLIER-copie-1000x1163.png 1000w, https:\/\/genius.sn\/wp-content\/uploads\/2025\/01\/GENIUS-BOUCLIER-copie-482x560.png 482w, https:\/\/genius.sn\/wp-content\/uploads\/2025\/01\/GENIUS-BOUCLIER-copie-600x698.png 600w, https:\/\/genius.sn\/wp-content\/uploads\/2025\/01\/GENIUS-BOUCLIER-copie-1200x1395.png 1200w, https:\/\/genius.sn\/wp-content\/uploads\/2025\/01\/GENIUS-BOUCLIER-copie.png 1382w\" sizes=\"auto, (max-width: 881px) 100vw, 881px\" \/><\/figure>\n<\/div>\n\n\n\n<div class=\"wp-block-column is-vertically-aligned-center is-layout-flow wp-block-column-is-layout-flow\" style=\"padding-left:var(--wp--preset--spacing--80);flex-basis:50%\">\n<p class=\"has-text-color has-large-font-size\" style=\"color:#001d67\"><strong>Chers visiteurs,<\/strong><\/p>\n\n\n\n<p class=\"has-medium-font-size\">Je suis ravi de vous accueillir sur le site internet de <strong>GENIUS S\u00e9curit\u00e9<\/strong>.<\/p>\n\n\n\n<p class=\"has-medium-font-size\">Notre entreprise se consacre \u00e0 offrir des solutions de s\u00e9curit\u00e9 de haute qualit\u00e9, adapt\u00e9es aux besoins<br>sp\u00e9cifiques de chaque client. Avec une \u00e9quipe de professionnels hautement qualifi\u00e9s et une technologie<br>de pointe, nous nous engageons \u00e0 garantir votre s\u00e9curit\u00e9 et celle de vos biens.<\/p>\n\n\n\n<p class=\"has-medium-font-size\">Chez <strong>GENIUS S\u00e9curit\u00e9<\/strong>, nous croyons que la s\u00e9curit\u00e9 est une priorit\u00e9 absolue. C&rsquo;est pourquoi nous mettons<br>tout en \u0153uvre pour vous offrir des services de s\u00e9curit\u00e9 efficaces, fiables et personnalis\u00e9s. Que vous soyez<br>une entreprise, une organisation ou un particulier, nous avons les comp\u00e9tences et l&rsquo;expertise n\u00e9cessaires<br>pour r\u00e9pondre \u00e0 vos attentes et assurer votre tranquillit\u00e9 d&rsquo;esprit.<\/p>\n\n\n\n<p class=\"has-medium-font-size\">Nous vous invitons \u00e0 parcourir notre site pour d\u00e9couvrir l&rsquo;ensemble de nos services et en apprendre<br>davantage sur notre engagement envers l&rsquo;excellence. N&rsquo;h\u00e9sitez pas \u00e0 nous contacter pour toute question<br>ou demande sp\u00e9cifique.<\/p>\n\n\n\n<p class=\"has-medium-font-size\">Merci de votre confiance et de votre int\u00e9r\u00eat pour GENIUS S\u00e9curit\u00e9. Nous sommes impatients de travailler<br>avec vous pour cr\u00e9er un environnement s\u00fbr et s\u00e9curis\u00e9.<\/p>\n\n\n\n<p class=\"has-medium-font-size\">Cordialement,<\/p>\n\n\n\n<p class=\"has-medium-font-size\"><strong>Directeur G\u00e9n\u00e9ral<br>GENIUS S\u00e9curit\u00e9<\/strong><\/p>\n<\/div>\n<\/div>\n<\/div>\n<\/div>\n\n\n\n<div class=\"wp-block-group alignfull has-global-padding is-layout-constrained wp-block-group-is-layout-constrained\"><\/div>\n\n\n\n<div class=\"wp-block-group alignfull has-global-padding is-layout-constrained wp-block-group-is-layout-constrained\" id=\"team\">\n<div class=\"wp-block-group is-layout-flow wp-block-group-is-layout-flow\">\n<div style=\"height:74px\" aria-hidden=\"true\" class=\"wp-block-spacer\"><\/div>\n\n\n\n<div style=\"height:47px\" aria-hidden=\"true\" class=\"wp-block-spacer\"><\/div>\n\n\n\n<div style=\"height:0px\" aria-hidden=\"true\" class=\"wp-block-spacer\"><\/div>\n\n\n\n<div class=\"wp-block-columns is-layout-flex wp-container-core-columns-is-layout-28f84493 wp-block-columns-is-layout-flex\">\n<div class=\"wp-block-column is-style-default is-layout-flow wp-block-column-is-layout-flow\" style=\"border-style:none;border-width:0px;padding-top:0;padding-right:0;padding-bottom:0;padding-left:0\">\n<figure class=\"wp-block-image size-full is-style-default\"><img loading=\"lazy\" decoding=\"async\" width=\"1382\" height=\"1607\" src=\"https:\/\/genius.sn\/wp-content\/uploads\/2025\/01\/GENIUS-BOUCLIER-copie.png\" alt=\"\" class=\"wp-image-7497\" srcset=\"https:\/\/genius.sn\/wp-content\/uploads\/2025\/01\/GENIUS-BOUCLIER-copie.png 1382w, https:\/\/genius.sn\/wp-content\/uploads\/2025\/01\/GENIUS-BOUCLIER-copie-258x300.png 258w, https:\/\/genius.sn\/wp-content\/uploads\/2025\/01\/GENIUS-BOUCLIER-copie-881x1024.png 881w, https:\/\/genius.sn\/wp-content\/uploads\/2025\/01\/GENIUS-BOUCLIER-copie-768x893.png 768w, https:\/\/genius.sn\/wp-content\/uploads\/2025\/01\/GENIUS-BOUCLIER-copie-1321x1536.png 1321w, https:\/\/genius.sn\/wp-content\/uploads\/2025\/01\/GENIUS-BOUCLIER-copie-1000x1163.png 1000w, https:\/\/genius.sn\/wp-content\/uploads\/2025\/01\/GENIUS-BOUCLIER-copie-482x560.png 482w, https:\/\/genius.sn\/wp-content\/uploads\/2025\/01\/GENIUS-BOUCLIER-copie-600x698.png 600w, https:\/\/genius.sn\/wp-content\/uploads\/2025\/01\/GENIUS-BOUCLIER-copie-1200x1395.png 1200w\" sizes=\"auto, (max-width: 1382px) 100vw, 1382px\" \/><\/figure>\n\n\n\n<h2 class=\"wp-block-heading\">Surveillance et Gardiennage<\/h2>\n<\/div>\n\n\n\n<div class=\"wp-block-column is-style-default is-layout-flow wp-block-column-is-layout-flow\" style=\"border-style:none;border-width:0px;padding-top:0;padding-right:0;padding-bottom:0;padding-left:0\">\n<figure class=\"wp-block-image size-full\"><img loading=\"lazy\" decoding=\"async\" width=\"740\" height=\"940\" src=\"https:\/\/genius.sn\/wp-content\/uploads\/2025\/01\/G1-copie.jpg\" alt=\"\" class=\"wp-image-7509\" srcset=\"https:\/\/genius.sn\/wp-content\/uploads\/2025\/01\/G1-copie.jpg 740w, https:\/\/genius.sn\/wp-content\/uploads\/2025\/01\/G1-copie-236x300.jpg 236w, https:\/\/genius.sn\/wp-content\/uploads\/2025\/01\/G1-copie-441x560.jpg 441w, https:\/\/genius.sn\/wp-content\/uploads\/2025\/01\/G1-copie-600x762.jpg 600w\" sizes=\"auto, (max-width: 740px) 100vw, 740px\" \/><\/figure>\n\n\n\n<h2 class=\"wp-block-heading\">Escorte ET Transfert de fonds<\/h2>\n<\/div>\n\n\n\n<div class=\"wp-block-column is-style-default is-layout-flow wp-block-column-is-layout-flow\" style=\"border-style:none;border-width:0px;padding-top:0;padding-right:0;padding-bottom:0;padding-left:0\">\n<figure class=\"wp-block-image size-full\"><img loading=\"lazy\" decoding=\"async\" width=\"740\" height=\"940\" src=\"https:\/\/genius.sn\/wp-content\/uploads\/2025\/01\/G2-copie.jpg\" alt=\"\" class=\"wp-image-7507\" srcset=\"https:\/\/genius.sn\/wp-content\/uploads\/2025\/01\/G2-copie.jpg 740w, https:\/\/genius.sn\/wp-content\/uploads\/2025\/01\/G2-copie-236x300.jpg 236w, https:\/\/genius.sn\/wp-content\/uploads\/2025\/01\/G2-copie-441x560.jpg 441w, https:\/\/genius.sn\/wp-content\/uploads\/2025\/01\/G2-copie-600x762.jpg 600w\" sizes=\"auto, (max-width: 740px) 100vw, 740px\" \/><\/figure>\n\n\n\n<h2 class=\"wp-block-heading\">S\u00e9curit\u00e9 incendie<\/h2>\n<\/div>\n<\/div>\n\n\n\n<div style=\"height:63px\" aria-hidden=\"true\" class=\"wp-block-spacer\"><\/div>\n\n\n\n<div class=\"wp-block-columns is-layout-flex wp-container-core-columns-is-layout-28f84493 wp-block-columns-is-layout-flex\">\n<div class=\"wp-block-column is-style-default is-layout-flow wp-block-column-is-layout-flow\" style=\"border-style:none;border-width:0px;padding-top:0;padding-right:0;padding-bottom:0;padding-left:0\">\n<figure class=\"wp-block-image size-full\"><img loading=\"lazy\" decoding=\"async\" width=\"740\" height=\"940\" src=\"https:\/\/genius.sn\/wp-content\/uploads\/2025\/01\/G3.jpg\" alt=\"\" class=\"wp-image-7505\" srcset=\"https:\/\/genius.sn\/wp-content\/uploads\/2025\/01\/G3.jpg 740w, https:\/\/genius.sn\/wp-content\/uploads\/2025\/01\/G3-236x300.jpg 236w, https:\/\/genius.sn\/wp-content\/uploads\/2025\/01\/G3-441x560.jpg 441w, https:\/\/genius.sn\/wp-content\/uploads\/2025\/01\/G3-600x762.jpg 600w\" sizes=\"auto, (max-width: 740px) 100vw, 740px\" \/><\/figure>\n\n\n\n<h2 class=\"wp-block-heading\">Ma\u00eetre-Chien<\/h2>\n<\/div>\n\n\n\n<div class=\"wp-block-column is-style-default is-layout-flow wp-block-column-is-layout-flow\" style=\"border-style:none;border-width:0px;padding-top:0;padding-right:0;padding-bottom:0;padding-left:0\">\n<figure class=\"wp-block-image size-full\"><img loading=\"lazy\" decoding=\"async\" width=\"740\" height=\"940\" src=\"https:\/\/genius.sn\/wp-content\/uploads\/2025\/01\/GG.jpg\" alt=\"\" class=\"wp-image-7512\" srcset=\"https:\/\/genius.sn\/wp-content\/uploads\/2025\/01\/GG.jpg 740w, https:\/\/genius.sn\/wp-content\/uploads\/2025\/01\/GG-236x300.jpg 236w, https:\/\/genius.sn\/wp-content\/uploads\/2025\/01\/GG-441x560.jpg 441w, https:\/\/genius.sn\/wp-content\/uploads\/2025\/01\/GG-600x762.jpg 600w\" sizes=\"auto, (max-width: 740px) 100vw, 740px\" \/><\/figure>\n\n\n\n<h2 class=\"wp-block-heading\">S\u00e9curit\u00e9 \u00c9v\u00e9nementielle<\/h2>\n<\/div>\n\n\n\n<div class=\"wp-block-column is-style-default is-layout-flow wp-block-column-is-layout-flow\" style=\"border-style:none;border-width:0px;padding-top:0;padding-right:0;padding-bottom:0;padding-left:0\">\n<figure class=\"wp-block-image size-full\"><img loading=\"lazy\" decoding=\"async\" width=\"740\" height=\"940\" src=\"https:\/\/genius.sn\/wp-content\/uploads\/2025\/01\/GGG.jpg\" alt=\"\" class=\"wp-image-7514\" srcset=\"https:\/\/genius.sn\/wp-content\/uploads\/2025\/01\/GGG.jpg 740w, https:\/\/genius.sn\/wp-content\/uploads\/2025\/01\/GGG-236x300.jpg 236w, https:\/\/genius.sn\/wp-content\/uploads\/2025\/01\/GGG-441x560.jpg 441w, https:\/\/genius.sn\/wp-content\/uploads\/2025\/01\/GGG-600x762.jpg 600w\" sizes=\"auto, (max-width: 740px) 100vw, 740px\" \/><\/figure>\n\n\n\n<h2 class=\"wp-block-heading\">Syst\u00e8mes de S\u00e9curit\u00e9 \u00c9lectronique<\/h2>\n<\/div>\n<\/div>\n<\/div>\n<\/div>\n\n\n\n<div class=\"wp-block-group alignfull has-global-padding is-layout-constrained wp-block-group-is-layout-constrained\"><\/div>\n\n\n\n<p><\/p>\n","protected":false},"excerpt":{"rendered":"<p>Chers visiteurs, Je suis ravi de vous accueillir sur le site internet de GENIUS S\u00e9curit\u00e9. Notre entreprise se consacre \u00e0 offrir des solutions de s\u00e9curit\u00e9 de haute qualit\u00e9, adapt\u00e9es aux besoinssp\u00e9cifiques de chaque client. Avec une \u00e9quipe de professionnels hautement qualifi\u00e9s et une technologiede pointe, nous nous engageons \u00e0 garantir [&hellip;]<\/p>\n","protected":false},"author":1,"featured_media":0,"parent":0,"menu_order":0,"comment_status":"closed","ping_status":"closed","template":"page-templates\/full-width-transparent.php","meta":{"footnotes":""},"class_list":["post-7469","page","type-page","status-publish","hentry"],"featured_media_urls":[],"_links":{"self":[{"href":"https:\/\/genius.sn\/index.php\/wp-json\/wp\/v2\/pages\/7469","targetHints":{"allow":["GET"]}}],"collection":[{"href":"https:\/\/genius.sn\/index.php\/wp-json\/wp\/v2\/pages"}],"about":[{"href":"https:\/\/genius.sn\/index.php\/wp-json\/wp\/v2\/types\/page"}],"author":[{"embeddable":true,"href":"https:\/\/genius.sn\/index.php\/wp-json\/wp\/v2\/users\/1"}],"replies":[{"embeddable":true,"href":"https:\/\/genius.sn\/index.php\/wp-json\/wp\/v2\/comments?post=7469"}],"version-history":[{"count":9,"href":"https:\/\/genius.sn\/index.php\/wp-json\/wp\/v2\/pages\/7469\/revisions"}],"predecessor-version":[{"id":7579,"href":"https:\/\/genius.sn\/index.php\/wp-json\/wp\/v2\/pages\/7469\/revisions\/7579"}],"wp:attachment":[{"href":"https:\/\/genius.sn\/index.php\/wp-json\/wp\/v2\/media?parent=7469"}],"curies":[{"name":"wp","href":"https:\/\/api.w.org\/{rel}","templated":true}]}}